{"id":65,"date":"2024-12-14T22:23:34","date_gmt":"2024-12-14T21:23:34","guid":{"rendered":"https:\/\/sobrepiensa.com\/index.php\/descubre-la-magia-de-ababaol-un-viaje-a-la-murcia-musulmana-del-siglo-xii\/"},"modified":"2024-12-14T22:23:34","modified_gmt":"2024-12-14T21:23:34","slug":"descubre-la-magia-de-ababaol-un-viaje-a-la-murcia-musulmana-del-siglo-xii","status":"publish","type":"page","link":"https:\/\/sobrepiensa.com\/index.php\/descubre-la-magia-de-ababaol-un-viaje-a-la-murcia-musulmana-del-siglo-xii\/","title":{"rendered":"Descubre la magia de &#8216;Ababaol&#8217;: Un viaje a la Murcia musulmana del siglo XII"},"content":{"rendered":"<h2 class=\"wp-block-heading\">Bienvenido a MaryLuzGonzalez.com<\/h2>\n\n<p>\u00a1Hola, lector! Te damos la bienvenida a este rinc\u00f3n donde podr\u00e1s sumergirte en el fascinante mundo de la literatura de Mary Luz Gonz\u00e1lez Iba\u00f1ez. En este sitio, encontrar\u00e1s la obra destacada de la autora, titulada &#8216;Ababaol, en tiempos del rey lobo&#8217;.<\/p>\n\n<h2 class=\"wp-block-heading\">Una aventura entre lo real y lo ficticio<\/h2>\n\n<p>La novela nos transporta a la vibrante Murcia musulmana del siglo XII, donde nos encontramos con una mezcla de personajes pintorescos que reflejan tanto la historia como la ficci\u00f3n. La pluma de Mary Luz Gonz\u00e1lez nos ofrece un vistazo a una \u00e9poca llena de colores dorados y rojos burdeos, que dan vida a cada p\u00e1gina.<\/p>\n\n<h2 class=\"wp-block-heading\">\u00a1\u00danete a esta traves\u00eda literaria!<\/h2>\n\n<p>Enmaryluzgonzalez.com, no solo puedes adquirir &#8216;Ababaol&#8217;, sino tambi\u00e9n explorar otros aspectos de la obra y su autor\u00eda. Acomp\u00e1\u00f1anos en este viaje lleno de aventuras, matices y personajes inolvidables que, sin duda, enriquecer\u00e1n tu experiencia de lectura. \u00a1No esperes m\u00e1s para descubrir lo que la autora tiene reservado para ti!<\/p>","protected":false},"excerpt":{"rendered":"<p>Bienvenido a MaryLuzGonzalez.com \u00a1Hola, lector! Te damos la bienvenida a este rinc\u00f3n donde podr\u00e1s sumergirte en el fascinante mundo de la literatura de Mary Luz Gonz\u00e1lez Iba\u00f1ez. En este sitio, encontrar\u00e1s la obra destacada de la autora, titulada &#8216;Ababaol, en tiempos del rey lobo&#8217;. Una aventura entre lo real y lo ficticio La novela nos [&hellip;]<\/p>\n","protected":false},"author":1,"featured_media":64,"parent":0,"menu_order":0,"comment_status":"closed","ping_status":"closed","template":"","meta":{"_et_pb_use_builder":"","_et_pb_old_content":"","_et_gb_content_width":"","om_disable_all_campaigns":false,"_monsterinsights_skip_tracking":false,"_monsterinsights_sitenote_active":false,"_monsterinsights_sitenote_note":"","_monsterinsights_sitenote_category":0,"footnotes":""},"aioseo_notices":[],"_links":{"self":[{"href":"https:\/\/sobrepiensa.com\/index.php\/wp-json\/wp\/v2\/pages\/65"}],"collection":[{"href":"https:\/\/sobrepiensa.com\/index.php\/wp-json\/wp\/v2\/pages"}],"about":[{"href":"https:\/\/sobrepiensa.com\/index.php\/wp-json\/wp\/v2\/types\/page"}],"author":[{"embeddable":true,"href":"https:\/\/sobrepiensa.com\/index.php\/wp-json\/wp\/v2\/users\/1"}],"replies":[{"embeddable":true,"href":"https:\/\/sobrepiensa.com\/index.php\/wp-json\/wp\/v2\/comments?post=65"}],"version-history":[{"count":0,"href":"https:\/\/sobrepiensa.com\/index.php\/wp-json\/wp\/v2\/pages\/65\/revisions"}],"wp:featuredmedia":[{"embeddable":true,"href":"https:\/\/sobrepiensa.com\/index.php\/wp-json\/wp\/v2\/media\/64"}],"wp:attachment":[{"href":"https:\/\/sobrepiensa.com\/index.php\/wp-json\/wp\/v2\/media?parent=65"}],"curies":[{"name":"wp","href":"https:\/\/api.w.org\/{rel}","templated":true}]}}